{"id":14,"date":"2018-02-24T18:23:53","date_gmt":"2018-02-24T17:23:53","guid":{"rendered":"http:\/\/hurtownialux.pl\/?page_id=14"},"modified":"2025-07-09T22:32:44","modified_gmt":"2025-07-09T20:32:44","slug":"kontakt","status":"publish","type":"page","link":"https:\/\/hurtownialux.pl\/?page_id=14","title":{"rendered":"Kontakt"},"content":{"rendered":"<p><strong>Hurtownia Spo\u017cywcza LUX s.c.<br \/><\/strong>Siedziba &#8211; 03-684 Warszawa, ul. Zadro\u017ce 4<br \/>NIP: 5242773168, REGON: 147493030<\/p>\n<p><strong>Magazyn G\u0142\u00f3wny &#8211; 03-684 Warszawa, ul. Zadro\u017ce 4<\/strong><\/p>\n<p>Strona internetowa:<a href=\"https:\/\/ligotka.pl\/\"> www.ligotka.pl<\/a><\/p>\n<p><i class=\"fa fa-mobile-phone fa-3x\" style=\"color: #337ab7;\"><\/i>\u00a0 \u00a0 \u00a0 Artur: <a href=\"http:\/\/+48509904090\" data-wplink-url-error=\"true\">509 904 090<\/a>, \u00a0Marek: <a href=\"http:\/\/+48600204839\" data-wplink-url-error=\"true\">600 204 839<\/a><\/p>\n<p><i class=\"fa fa-envelope fa-2x\" style=\"color: #337ab7;\"><\/i>\u00a0 \u00a0 \u00a0email :<a href=\"mailto:biuro@hurtownialux.pl\"> biuro@hurtownialux.pl<\/a><\/p>\n\n\n<iframe src=\"https:\/\/www.google.com\/maps\/embed?pb=!1m18!1m12!1m3!1d862.8588916470842!2d21.09015084487698!3d52.28817077061506!2m3!1f0!2f0!3f0!3m2!1i1024!2i768!4f13.1!3m3!1m2!1s0x471ece601711350d%3A0xdd59360bdc4b3bbf!2sZadro%C5%BCe%204%2C%2003-684%20Warszawa!5e0!3m2!1spl!2spl!4v1752092921606!5m2!1spl!2spl\" width=\"600\" height=\"450\" style=\"border:0;\" allowfullscreen=\"\" loading=\"lazy\" referrerpolicy=\"no-referrer-when-downgrade\"><\/iframe>\n\n\n","protected":false},"excerpt":{"rendered":"<p>Hurtownia Spo\u017cywcza LUX s.c.Siedziba &#8211; 03-684 Warszawa, ul. Zadro\u017ce 4NIP: 5242773168, REGON: 147493030 Magazyn G\u0142\u00f3wny &#8211; 03-684 Warszawa, ul. Zadro\u017ce 4 Strona internetowa: www.ligotka.pl \u00a0 \u00a0 \u00a0 Artur: 509 904 090, \u00a0Marek: 600 204 839 \u00a0 \u00a0 \u00a0email : biuro@hurtownialux.pl<\/p>\n","protected":false},"author":1,"featured_media":0,"parent":0,"menu_order":0,"comment_status":"closed","ping_status":"closed","template":"","meta":{"footnotes":""},"class_list":["post-14","page","type-page","status-publish","hentry"],"_links":{"self":[{"href":"https:\/\/hurtownialux.pl\/index.php?rest_route=\/wp\/v2\/pages\/14","targetHints":{"allow":["GET"]}}],"collection":[{"href":"https:\/\/hurtownialux.pl\/index.php?rest_route=\/wp\/v2\/pages"}],"about":[{"href":"https:\/\/hurtownialux.pl\/index.php?rest_route=\/wp\/v2\/types\/page"}],"author":[{"embeddable":true,"href":"https:\/\/hurtownialux.pl\/index.php?rest_route=\/wp\/v2\/users\/1"}],"replies":[{"embeddable":true,"href":"https:\/\/hurtownialux.pl\/index.php?rest_route=%2Fwp%2Fv2%2Fcomments&post=14"}],"version-history":[{"count":70,"href":"https:\/\/hurtownialux.pl\/index.php?rest_route=\/wp\/v2\/pages\/14\/revisions"}],"predecessor-version":[{"id":915,"href":"https:\/\/hurtownialux.pl\/index.php?rest_route=\/wp\/v2\/pages\/14\/revisions\/915"}],"wp:attachment":[{"href":"https:\/\/hurtownialux.pl\/index.php?rest_route=%2Fwp%2Fv2%2Fmedia&parent=14"}],"curies":[{"name":"wp","href":"https:\/\/api.w.org\/{rel}","templated":true}]}}